{"id":5135,"date":"2025-02-03T12:49:56","date_gmt":"2025-02-03T11:49:56","guid":{"rendered":"https:\/\/gmbs.mt\/?page_id=5135"},"modified":"2025-03-31T16:36:20","modified_gmt":"2025-03-31T14:36:20","slug":"doctor-of-philosophy-phd","status":"publish","type":"page","link":"https:\/\/gmbs.mt\/pl\/doctor-of-philosophy-phd\/","title":{"rendered":"Doctor of Philosophy (PhD.)"},"content":{"rendered":"<div class=\"wpb-content-wrapper\"><p>[vc_row][vc_column][vc_row_inner][vc_column_inner][vc_column_text css=&#8221;&#8221;]Som textov\u00fd blok. Kliknut\u00edm na tla\u010didlo upravi\u0165 tento text zmen\u00edte. Lorem ipsum dolor sit amet, consectetur adipiscing elit. Ut elit tellus, luctus nec ullamcorper mattis, pulvinar dapibus leo.[\/vc_column_text][\/vc_column_inner][\/vc_row_inner][\/vc_column][\/vc_row]<\/p>\n<\/div>","protected":false},"excerpt":{"rendered":"<p>[vc_row][vc_column][vc_row_inner][vc_column_inner][vc_column_text css=&#8221;&#8221;]Som textov\u00fd blok. Kliknut\u00edm na tla\u010didlo upravi\u0165 tento text zmen\u00edte. Lorem ipsum dolor sit amet, consectetur adipiscing elit. Ut elit tellus, luctus nec ullamcorper mattis, pulvinar dapibus leo.[\/vc_column_text][\/vc_column_inner][\/vc_row_inner][\/vc_column][\/vc_row]<\/p>\n","protected":false},"author":1,"featured_media":4997,"parent":0,"menu_order":0,"comment_status":"closed","ping_status":"closed","template":"","meta":{"footnotes":""},"class_list":["post-5135","page","type-page","status-publish","has-post-thumbnail","hentry"],"_links":{"self":[{"href":"https:\/\/gmbs.mt\/pl\/wp-json\/wp\/v2\/pages\/5135","targetHints":{"allow":["GET"]}}],"collection":[{"href":"https:\/\/gmbs.mt\/pl\/wp-json\/wp\/v2\/pages"}],"about":[{"href":"https:\/\/gmbs.mt\/pl\/wp-json\/wp\/v2\/types\/page"}],"author":[{"embeddable":true,"href":"https:\/\/gmbs.mt\/pl\/wp-json\/wp\/v2\/users\/1"}],"replies":[{"embeddable":true,"href":"https:\/\/gmbs.mt\/pl\/wp-json\/wp\/v2\/comments?post=5135"}],"version-history":[{"count":5,"href":"https:\/\/gmbs.mt\/pl\/wp-json\/wp\/v2\/pages\/5135\/revisions"}],"predecessor-version":[{"id":5252,"href":"https:\/\/gmbs.mt\/pl\/wp-json\/wp\/v2\/pages\/5135\/revisions\/5252"}],"wp:featuredmedia":[{"embeddable":true,"href":"https:\/\/gmbs.mt\/pl\/wp-json\/wp\/v2\/media\/4997"}],"wp:attachment":[{"href":"https:\/\/gmbs.mt\/pl\/wp-json\/wp\/v2\/media?parent=5135"}],"curies":[{"name":"wp","href":"https:\/\/api.w.org\/{rel}","templated":true}]}}