{"id":1425,"date":"2018-05-21T05:54:48","date_gmt":"2018-05-21T05:54:48","guid":{"rendered":"http:\/\/stylemixthemes.com\/masterstudy\/lms-white\/?page_id=7"},"modified":"2026-01-12T15:29:02","modified_gmt":"2026-01-12T14:29:02","slug":"home","status":"publish","type":"page","link":"https:\/\/gmbs.mt\/sk\/","title":{"rendered":"Home"},"content":{"rendered":"<div class=\"wpb-content-wrapper\"><p>[vc_section full_width=&#8221;stretch_row_content&#8221; full_height=&#8221;yes&#8221; css=&#8221;.vc_custom_1738333278906{background-image: url(https:\/\/gmbs.mt\/wp-content\/uploads\/2025\/01\/Snimka.png?id=5013) !important;background-position: center !important;background-repeat: no-repeat !important;background-size: cover !important;}&#8221; el_class=&#8221;stm_static_background&#8221;][vc_row css=&#8221;.vc_custom_1545117213285{margin-bottom: 0px !important;}&#8221;][vc_column][vc_column_text css=&#8221;&#8221;]<\/p>\n<h1 style=\"padding-left: 120px; text-align: center;\">Vedenie nie je dan\u00e9, ale zaroben\u00e9. Pom\u00f4\u017eeme v\u00e1m ho zarobi\u0165!<\/h1>\n<p>[\/vc_column_text][vc_column_text css=&#8221;&#8221;]<\/p>\n<h1 style=\"padding-left: 80px; text-align: center;\"><span style=\"color: #000000;\">GMBS \u2013 Va\u0161a cesta ku glob\u00e1lnemu \u00faspechu.<\/span><\/h1>\n<p>[\/vc_column_text][\/vc_column][\/vc_row][vc_row][vc_column][vc_empty_space height=&#8221;72px&#8221; mobile_height=&#8221;0&#8243;][\/vc_column][\/vc_row][\/vc_section][vc_row][vc_column][vc_row_inner][vc_column_inner][vc_custom_heading text=&#8221;Education Without Borders \u2013 Business Knows No Limits!&#8221; font_container=&#8221;tag:h2|font_size:35|text_align:center|line_height:50px&#8221; use_theme_fonts=&#8221;yes&#8221; css_animation=&#8221;bounceIn&#8221; css=&#8221;.vc_custom_1738410742384{margin-bottom: 44px !important;padding-right: 20px !important;}&#8221;][vc_column_text css=&#8221;.vc_custom_1738410772240{padding-left: 35px !important;}&#8221; el_class=&#8221;xs_reset_col&#8221;]<\/p>\n<h4 style=\"text-align: center;\"><span style=\"color: #000000;\"><span style=\"color: #808080;\">Welcome to<\/span> <span style=\"color: #d10f0f;\"><strong>Global Management Business School<\/strong><\/span>, <span style=\"color: #808080;\">where ambition meets opportunity. We don\u2019t just teach business\u2014we shape <strong>global leaders<\/strong>. Our dynamic programs, international network, and hands-on experience give you the <strong>skills, mindset, and connections<\/strong> to succeed anywhere in the world.<\/span><\/span><\/h4>\n<h4 style=\"text-align: center;\"><span style=\"color: #808080;\">\ud83d\ude80 <strong>Think bigger. Lead smarter. Achieve more.<\/strong><\/span><br \/>\n<span style=\"color: #808080;\">\ud83c\udf0d <strong>Your future starts here.<\/strong><\/span><\/h4>\n<h4 style=\"text-align: center;\"><span style=\"color: #808080;\"><strong>Join us. Grow with us. Rule the business world.<\/strong><\/span><\/h4>\n<p>[\/vc_column_text][vc_single_image image=&#8221;5002&#8243; img_size=&#8221;100&#215;100&#8243; alignment=&#8221;center&#8221; css=&#8221;.vc_custom_1738420147591{background-color: #ffffff !important;}&#8221;][\/vc_column_inner][\/vc_row_inner][\/vc_column][\/vc_row][vc_row full_width=&#8221;stretch_row&#8221; css=&#8221;.vc_custom_1738422197558{margin-bottom: 32px !important;background-color: #eaeaea !important;border-radius: 5px !important;}&#8221;][vc_column css=&#8221;.vc_custom_1544788601676{padding-top: 0px !important;}&#8221;][vc_empty_space height=&#8221;42&#8243;][vc_custom_heading text=&#8221;Online Degrees&#8221; font_container=&#8221;tag:h2|font_size:40|text_align:center|line_height:50px&#8221; use_theme_fonts=&#8221;yes&#8221; css=&#8221;&#8221;][vc_separator color=&#8221;white&#8221;][vc_row_inner][vc_column_inner width=&#8221;1\/3&#8243;][vc_hoverbox image=&#8221;5068&#8243; primary_title=&#8221;Master of Business Administration (MBA)&#8221; primary_title_font_container=&#8221;font_size:44|color:%232f2f54|line_height:1&#8243; primary_title_google_fonts=&#8221;font_family:Oswald%3A300%2Cregular%2C700|font_style:700%20bold%20regular%3A700%3Anormal&#8221; hover_title=&#8221;Master of Business Administration (MBA)&#8221; shape=&#8221;square&#8221; hover_background_color=&#8221;white&#8221; hover_btn_title=&#8221;Program detail&#8221; hover_btn_color=&#8221;danger&#8221; use_custom_fonts_primary_title=&#8221;true&#8221; hover_add_button=&#8221;true&#8221; css=&#8221;.vc_custom_1738428907934{background-color: #ffffff !important;border-radius: 3px !important;border-color: #000000 !important;}&#8221; primary_title_link=&#8221;url:https%3A%2F%2Fgmbs.mt%2Fmaster-of-business-administration-mba%2F|title:Master%20of%20Business%20Administration%20(MBA)&#8221; hover_btn_link=&#8221;url:https%3A%2F%2Fgmbs.mt%2Fmaster-of-business-administration-mba%2F|title:Master%20of%20Business%20Administration%20(MBA)&#8221;]<img loading=\"lazy\" decoding=\"async\" class=\"wp-image-5050 alignleft\" src=\"https:\/\/gmbs.mt\/wp-content\/uploads\/2025\/02\/ico1-293x300.png\" alt=\"\" width=\"76\" height=\"78\" srcset=\"https:\/\/gmbs.mt\/wp-content\/uploads\/2025\/02\/ico1-293x300.png 293w, https:\/\/gmbs.mt\/wp-content\/uploads\/2025\/02\/ico1.png 500w\" sizes=\"auto, (max-width: 76px) 100vw, 76px\" \/>Popis popis popis popis popis popis popis popis popis popis popis popis popis popis popis popis popis popis popis[\/vc_hoverbox][\/vc_column_inner][vc_column_inner width=&#8221;1\/3&#8243;][vc_hoverbox image=&#8221;5068&#8243; primary_title=&#8221;Master of Business Administration (MBA)&#8221; primary_title_font_container=&#8221;font_size:44|color:%232f2f54|line_height:1&#8243; primary_title_google_fonts=&#8221;font_family:Oswald%3A300%2Cregular%2C700|font_style:700%20bold%20regular%3A700%3Anormal&#8221; hover_title=&#8221;Master of Business Administration (MBA)&#8221; shape=&#8221;square&#8221; hover_background_color=&#8221;white&#8221; hover_btn_title=&#8221;Program detail&#8221; hover_btn_color=&#8221;danger&#8221; use_custom_fonts_primary_title=&#8221;true&#8221; hover_add_button=&#8221;true&#8221; css=&#8221;.vc_custom_1738428907934{background-color: #ffffff !important;border-radius: 3px !important;border-color: #000000 !important;}&#8221; primary_title_link=&#8221;url:https%3A%2F%2Fgmbs.mt%2Fmaster-of-business-administration-mba%2F|title:Master%20of%20Business%20Administration%20(MBA)&#8221; hover_btn_link=&#8221;url:https%3A%2F%2Fgmbs.mt%2Fmaster-of-business-administration-mba%2F|title:Master%20of%20Business%20Administration%20(MBA)&#8221;]<img loading=\"lazy\" decoding=\"async\" class=\"wp-image-5050 alignleft\" src=\"https:\/\/gmbs.mt\/wp-content\/uploads\/2025\/02\/ico1-293x300.png\" alt=\"\" width=\"76\" height=\"78\" srcset=\"https:\/\/gmbs.mt\/wp-content\/uploads\/2025\/02\/ico1-293x300.png 293w, https:\/\/gmbs.mt\/wp-content\/uploads\/2025\/02\/ico1.png 500w\" sizes=\"auto, (max-width: 76px) 100vw, 76px\" \/>Popis popis popis popis popis popis popis popis popis popis popis popis popis popis popis popis popis popis popis[\/vc_hoverbox][\/vc_column_inner][vc_column_inner width=&#8221;1\/3&#8243;][vc_hoverbox image=&#8221;5068&#8243; primary_title=&#8221;Master of Business Administration (MBA)&#8221; primary_title_font_container=&#8221;font_size:44|color:%232f2f54|line_height:1&#8243; primary_title_google_fonts=&#8221;font_family:Oswald%3A300%2Cregular%2C700|font_style:700%20bold%20regular%3A700%3Anormal&#8221; hover_title=&#8221;Master of Business Administration (MBA)&#8221; shape=&#8221;square&#8221; hover_background_color=&#8221;white&#8221; hover_btn_title=&#8221;Program detail&#8221; hover_btn_color=&#8221;danger&#8221; use_custom_fonts_primary_title=&#8221;true&#8221; hover_add_button=&#8221;true&#8221; css=&#8221;.vc_custom_1738428907934{background-color: #ffffff !important;border-radius: 3px !important;border-color: #000000 !important;}&#8221; primary_title_link=&#8221;url:https%3A%2F%2Fgmbs.mt%2Fmaster-of-business-administration-mba%2F|title:Master%20of%20Business%20Administration%20(MBA)&#8221; hover_btn_link=&#8221;url:https%3A%2F%2Fgmbs.mt%2Fmaster-of-business-administration-mba%2F|title:Master%20of%20Business%20Administration%20(MBA)&#8221;]<img loading=\"lazy\" decoding=\"async\" class=\"wp-image-5050 alignleft\" src=\"https:\/\/gmbs.mt\/wp-content\/uploads\/2025\/02\/ico1-293x300.png\" alt=\"\" width=\"76\" height=\"78\" srcset=\"https:\/\/gmbs.mt\/wp-content\/uploads\/2025\/02\/ico1-293x300.png 293w, https:\/\/gmbs.mt\/wp-content\/uploads\/2025\/02\/ico1.png 500w\" sizes=\"auto, (max-width: 76px) 100vw, 76px\" \/>Popis popis popis popis popis popis popis popis popis popis popis popis popis popis popis popis popis popis popis[\/vc_hoverbox][\/vc_column_inner][\/vc_row_inner][\/vc_column][\/vc_row][vc_row][vc_column css=&#8221;.vc_custom_1544788630933{padding-top: 0px !important;}&#8221;][\/vc_column][\/vc_row][vc_row][vc_column][vc_empty_space height=&#8221;18px&#8221;][vc_custom_heading text=&#8221;Why my Courses&#8221; font_container=&#8221;tag:h2|font_size:50|text_align:center|line_height:50px&#8221; use_theme_fonts=&#8221;yes&#8221;][vc_empty_space height=&#8221;15px&#8221;][\/vc_column][\/vc_row][vc_row][vc_column offset=&#8221;vc_col-lg-6 vc_col-md-6&#8243;][stm_icon_box hover_pos=&#8221;none&#8221; icon=&#8221;fa-icon-stm_icon_briefcase&#8221; icon_size=&#8221;56&#8243; icon_align=&#8221;left&#8221; icon_width=&#8221;68&#8243; icon_color=&#8221;#f2b91e&#8221; title=&#8221;Entrepreneurship&#8221; css=&#8221;.vc_custom_1545109856584{margin-bottom: 30px !important;}&#8221;]<span style=\"color: #888888; font-size: 15px; line-height: 28px;\">Vestibulum vitae aliquam nunc. Suspendisse mollis metus ac tellus egestas pharetra. Suspendisse at viverra purus. Pellentesque nec posuere ligula, eu congue leo. Integer vulputate tempor arcu. Vestibulum vulputate<\/span>[\/stm_icon_box][stm_icon_box hover_pos=&#8221;none&#8221; icon=&#8221;lnr lnr-thumbs-up&#8221; icon_size=&#8221;56&#8243; icon_align=&#8221;left&#8221; icon_width=&#8221;68&#8243; icon_color=&#8221;#f2b91e&#8221; title=&#8221;Productivity&#8221;]<span style=\"color: #888888; font-size: 15px; line-height: 28px;\">Vestibulum vitae aliquam nunc. Suspendisse mollis metus ac tellus egestas pharetra. Suspendisse at viverra purus. Pellentesque nec posuere ligula, eu congue leo. Integer vulputate tempor arcu. Vestibulum vulputate<\/span>[\/stm_icon_box][vc_empty_space height=&#8221;0px&#8221; tablet_height=&#8221;30&#8243; mobile_height=&#8221;30&#8243;][\/vc_column][vc_column offset=&#8221;vc_col-lg-6 vc_col-md-6&#8243;][stm_icon_box hover_pos=&#8221;none&#8221; icon=&#8221;lnr lnr-rocket&#8221; icon_size=&#8221;57&#8243; icon_align=&#8221;left&#8221; icon_width=&#8221;68&#8243; icon_color=&#8221;#f2b91e&#8221; title=&#8221;Accelerated learning&#8221; css=&#8221;.vc_custom_1545110298329{margin-bottom: 30px !important;}&#8221;]<span style=\"color: #888888; font-size: 15px; line-height: 28px;\">Vestibulum vitae aliquam nunc. Suspendisse mollis metus ac tellus egestas pharetra. Suspendisse at viverra purus. Pellentesque nec posuere ligula, eu congue leo. Integer vulputate tempor arcu. Vestibulum vulputate<\/span>[\/stm_icon_box][stm_icon_box hover_pos=&#8221;none&#8221; icon=&#8221;lnr lnr-cog&#8221; icon_size=&#8221;57&#8243; icon_align=&#8221;left&#8221; icon_width=&#8221;68&#8243; icon_color=&#8221;#f2b91e&#8221; title=&#8221;Life Coaching&#8221;]<span style=\"color: #888888; font-size: 15px; line-height: 28px;\">Vestibulum vitae aliquam nunc. Suspendisse mollis metus ac tellus egestas pharetra. Suspendisse at viverra purus. Pellentesque nec posuere ligula, eu congue leo. Integer vulputate tempor arcu. Vestibulum vulputate<\/span>[\/stm_icon_box][\/vc_column][\/vc_row][vc_row][vc_column][vc_empty_space height=&#8221;31px&#8221;][\/vc_column][\/vc_row][vc_row full_width=&#8221;stretch_row&#8221; parallax=&#8221;content-moving&#8221; parallax_image=&#8221;1418&#8243; parallax_speed_bg=&#8221;2&#8243;][vc_column][vc_empty_space height=&#8221;235px&#8221; tablet_height=&#8221;135&#8243; mobile_height=&#8221;0&#8243;][vc_row_inner][vc_column_inner width=&#8221;1\/4&#8243;][stm_stats_counter counter_value=&#8221;7500&#8243; icon=&#8221;lnr lnr-users&#8221; icon_text_alignment=&#8221;left&#8221; title=&#8221;Online Learner&#8221; text_font_size=&#8221;40&#8243; counter_text_font_size=&#8221;18&#8243;][\/vc_column_inner][vc_column_inner width=&#8221;1\/4&#8243;][stm_stats_counter counter_value=&#8221;55&#8243; icon=&#8221;lnr lnr-film-play&#8221; icon_text_alignment=&#8221;left&#8221; title=&#8221;Video Courses&#8221; text_font_size=&#8221;40&#8243; counter_text_font_size=&#8221;18&#8243;][\/vc_column_inner][vc_column_inner width=&#8221;1\/4&#8243;][stm_stats_counter counter_value=&#8221;1025&#8243; icon=&#8221;lnr lnr-picture&#8221; icon_text_alignment=&#8221;left&#8221; title=&#8221;Sliders &#038; Images&#8221; text_font_size=&#8221;40&#8243; counter_text_font_size=&#8221;18&#8243;][\/vc_column_inner][vc_column_inner width=&#8221;1\/4&#8243;][stm_stats_counter counter_value=&#8221;3380&#8243; icon=&#8221;lnr lnr-thumbs-up&#8221; icon_text_alignment=&#8221;left&#8221; title=&#8221;Excellent Reviews&#8221; text_font_size=&#8221;40&#8243; counter_text_font_size=&#8221;18&#8243;][\/vc_column_inner][\/vc_row_inner][vc_empty_space height=&#8221;213px&#8221; tablet_height=&#8221;113&#8243; mobile_height=&#8221;0&#8243;][\/vc_column][\/vc_row][vc_row][vc_column width=&#8221;1\/6&#8243;][\/vc_column][vc_column width=&#8221;2\/3&#8243;][vc_empty_space height=&#8221;38px&#8221; mobile_height=&#8221;0&#8243;][vc_custom_heading text=&#8221;What Students Say&#8221; font_container=&#8221;tag:h2|font_size:50|text_align:center|line_height:50px&#8221; use_theme_fonts=&#8221;yes&#8221;][vc_empty_space height=&#8221;27px&#8221;][stm_testimonials style=&#8221;style_3&#8243; testimonials_slides_per_row=&#8221;1&#8243; testimonials_max_num=&#8221;5&#8243;][vc_empty_space height=&#8221;78px&#8221; mobile_height=&#8221;0&#8243;][\/vc_column][vc_column width=&#8221;1\/6&#8243;][\/vc_column][\/vc_row][vc_row][vc_column][\/vc_column][\/vc_row]<\/p>\n<\/div>","protected":false},"excerpt":{"rendered":"<p>[vc_section full_width=&#8221;stretch_row_content&#8221; full_height=&#8221;yes&#8221; css=&#8221;.vc_custom_1738333278906{background-image: url(https:\/\/gmbs.mt\/wp-content\/uploads\/2025\/01\/Snimka.png?id=5013) !important;background-position: center !important;background-repeat: no-repeat !important;background-size: cover !important;}&#8221; el_class=&#8221;stm_static_background&#8221;][vc_row css=&#8221;.vc_custom_1545117213285{margin-bottom: 0px !important;}&#8221;][vc_column][vc_column_text css=&#8221;&#8221;] Vedenie nie je dan\u00e9, ale zaroben\u00e9. Pom\u00f4\u017eeme v\u00e1m ho zarobi\u0165! [\/vc_column_text][vc_column_text css=&#8221;&#8221;] GMBS \u2013 Va\u0161a cesta ku glob\u00e1lnemu \u00faspechu. [\/vc_column_text][\/vc_column][\/vc_row][vc_row][vc_column][vc_empty_space height=&#8221;72px&#8221; mobile_height=&#8221;0&#8243;][\/vc_column][\/vc_row][\/vc_section][vc_row][vc_column][vc_row_inner][vc_column_inner][vc_custom_heading text=&#8221;Education Without Borders \u2013 Business Knows No Limits!&#8221; font_container=&#8221;tag:h2|font_size:35|text_align:center|line_height:50px&#8221; use_theme_fonts=&#8221;yes&#8221; css_animation=&#8221;bounceIn&#8221; css=&#8221;.vc_custom_1738410742384{margin-bottom: 44px !important;padding-right: 20px !important;}&#8221;][vc_column_text [&hellip;]<\/p>\n","protected":false},"author":1,"featured_media":5013,"parent":0,"menu_order":0,"comment_status":"closed","ping_status":"closed","template":"","meta":{"footnotes":""},"class_list":["post-1425","page","type-page","status-publish","has-post-thumbnail","hentry"],"_links":{"self":[{"href":"https:\/\/gmbs.mt\/sk\/wp-json\/wp\/v2\/pages\/1425","targetHints":{"allow":["GET"]}}],"collection":[{"href":"https:\/\/gmbs.mt\/sk\/wp-json\/wp\/v2\/pages"}],"about":[{"href":"https:\/\/gmbs.mt\/sk\/wp-json\/wp\/v2\/types\/page"}],"author":[{"embeddable":true,"href":"https:\/\/gmbs.mt\/sk\/wp-json\/wp\/v2\/users\/1"}],"replies":[{"embeddable":true,"href":"https:\/\/gmbs.mt\/sk\/wp-json\/wp\/v2\/comments?post=1425"}],"version-history":[{"count":133,"href":"https:\/\/gmbs.mt\/sk\/wp-json\/wp\/v2\/pages\/1425\/revisions"}],"predecessor-version":[{"id":5273,"href":"https:\/\/gmbs.mt\/sk\/wp-json\/wp\/v2\/pages\/1425\/revisions\/5273"}],"wp:featuredmedia":[{"embeddable":true,"href":"https:\/\/gmbs.mt\/sk\/wp-json\/wp\/v2\/media\/5013"}],"wp:attachment":[{"href":"https:\/\/gmbs.mt\/sk\/wp-json\/wp\/v2\/media?parent=1425"}],"curies":[{"name":"wp","href":"https:\/\/api.w.org\/{rel}","templated":true}]}}